{"id":206,"date":"2026-02-28T08:31:12","date_gmt":"2026-02-28T08:31:12","guid":{"rendered":"https:\/\/engageinformatica.com\/?page_id=206"},"modified":"2026-02-28T09:19:10","modified_gmt":"2026-02-28T09:19:10","slug":"aviso-legal","status":"publish","type":"page","link":"https:\/\/engageinformatica.com\/ca\/avis-legal\/","title":{"rendered":"Av\u00eds legal"},"content":{"rendered":"<div data-elementor-type=\"wp-page\" data-elementor-id=\"206\" class=\"elementor elementor-206\" data-elementor-post-type=\"page\">\n\t\t\t\t<div class=\"elementor-element elementor-element-1f77e981 e-flex e-con-boxed e-con e-parent\" data-id=\"1f77e981\" data-element_type=\"container\" data-e-type=\"container\" data-settings=\"{&quot;background_background&quot;:&quot;classic&quot;}\">\n\t\t\t\t\t<div class=\"e-con-inner\">\n\t\t<div class=\"elementor-element elementor-element-7507ad1a e-flex e-con-boxed e-con e-child\" data-id=\"7507ad1a\" data-element_type=\"container\" data-e-type=\"container\">\n\t\t\t\t\t<div class=\"e-con-inner\">\n\t\t\t\t<div class=\"elementor-element elementor-element-42cb2b9f elementor-widget elementor-widget-heading\" data-id=\"42cb2b9f\" data-element_type=\"widget\" data-e-type=\"widget\" data-widget_type=\"heading.default\">\n\t\t\t\t\t<h1 class=\"elementor-heading-title elementor-size-default\">Av\u00eds Legal<\/h1>\t\t\t\t<\/div>\n\t\t\t\t<div class=\"elementor-element elementor-element-11c62206 elementor-widget elementor-widget-text-editor\" data-id=\"11c62206\" data-element_type=\"widget\" data-e-type=\"widget\" data-widget_type=\"text-editor.default\">\n\t\t\t\t\t\t\t\t\t<p style=\"text-align:center;\">Darrera actualitzaci\u00f3: febrer de 2026<\/p>\t\t\t\t\t\t\t\t<\/div>\n\t\t\t\t\t<\/div>\n\t\t\t\t<\/div>\n\t\t\t\t\t<\/div>\n\t\t\t\t<\/div>\n\t\t<div class=\"elementor-element elementor-element-17720733 e-flex e-con-boxed e-con e-parent\" data-id=\"17720733\" data-element_type=\"container\" data-e-type=\"container\">\n\t\t\t\t\t<div class=\"e-con-inner\">\n\t\t\t\t<div class=\"elementor-element elementor-element-1e524de9 elementor-widget elementor-widget-heading\" data-id=\"1e524de9\" data-element_type=\"widget\" data-e-type=\"widget\" data-widget_type=\"heading.default\">\n\t\t\t\t\t<h2 class=\"elementor-heading-title elementor-size-default\">1. Informaci\u00f3 legal d&#039;ENGAGE INFORM\u00c0TICA SL<\/h2>\t\t\t\t<\/div>\n\t\t\t\t<div class=\"elementor-element elementor-element-2fb4bad elementor-widget elementor-widget-text-editor\" data-id=\"2fb4bad\" data-element_type=\"widget\" data-e-type=\"widget\" data-widget_type=\"text-editor.default\">\n\t\t\t\t\t\t\t\t\t<p>En compliment amb el deure informaci\u00f3 recollit a l&#039;article 10 de la Llei 34\/2002, d&#039;11 de juliol, de Serveis de la Societat de la Informaci\u00f3 i del Comer\u00e7 Electr\u00f2nic, us informem que el contingut d&#039;aquesta p\u00e0gina web <strong>https:\/\/engage.cat<\/strong> (d&#039;ara endavant, la \u00abWeb\u00bb) pertany a:<\/p><div style=\"background:#eef4ff; border-left:4px solid #3b82f6; padding:20px 24px; border-radius:0 8px 8px 0; margin:24px 0;\"><p style=\"margin:0;\"><strong>ENGATGE INFORM\u00c0TICA SL<\/strong><br>Domicili social: Carrer Antoni Botey 66, Badalona (Barcelona)<br>CIF: B05382908<br>Registre Mercantil de Barcelona: Tom 47781, Foli 212, Full B-562063<br>Email: <a href=\"mailto:info@engageinformatica.com\">info@engageinformatica.com<\/a><br>Tel\u00e8fon: <a href=\"tel:619143570\">619 143 570<\/a><\/p><\/div><p>Aquest av\u00eds legal regula les condicions d\u00fas del portal desmentat dInternet.<\/p>\t\t\t\t\t\t\t\t<\/div>\n\t\t\t\t<div class=\"elementor-element elementor-element-3d6abe2f elementor-widget-divider--view-line elementor-widget elementor-widget-divider\" data-id=\"3d6abe2f\" data-element_type=\"widget\" data-e-type=\"widget\" data-widget_type=\"divider.default\">\n\t\t\t\t\t\t\t<div class=\"elementor-divider\">\n\t\t\t<span class=\"elementor-divider-separator\">\n\t\t\t\t\t\t<\/span>\n\t\t<\/div>\n\t\t\t\t\t\t<\/div>\n\t\t\t\t<div class=\"elementor-element elementor-element-61714d14 elementor-widget elementor-widget-heading\" data-id=\"61714d14\" data-element_type=\"widget\" data-e-type=\"widget\" data-widget_type=\"heading.default\">\n\t\t\t\t\t<h2 class=\"elementor-heading-title elementor-size-default\">2. Acceptaci\u00f3 de lusuari<\/h2>\t\t\t\t<\/div>\n\t\t\t\t<div class=\"elementor-element elementor-element-775ed0ed elementor-widget elementor-widget-text-editor\" data-id=\"775ed0ed\" data-element_type=\"widget\" data-e-type=\"widget\" data-widget_type=\"text-editor.default\">\n\t\t\t\t\t\t\t\t\t<p>Aquest Av\u00eds Legal regula l&#039;acc\u00e9s, la navegaci\u00f3 i l&#039;\u00fas de la p\u00e0gina web https:\/\/engage.cat que ENGAGE INFORM\u00c1TICA SL posa a la disposici\u00f3 dels usuaris d&#039;Internet.<\/p><p>L&#039;acc\u00e9s a la Web implica l&#039;adquisici\u00f3 de la condici\u00f3 d&#039;usuari i, aix\u00ed, l&#039;acceptaci\u00f3 plena de les condicions d&#039;\u00fas descrites aqu\u00ed. En cas de desacord amb les condicions, l&#039;usuari ha d&#039;abstenir-se de fer servir el lloc web.<\/p><p>L&#039;usuari queda informat, i accepta, que l&#039;acc\u00e9s a aquesta Web no suposa, de cap manera, l&#039;inici d&#039;una relaci\u00f3 comercial amb ENGAGE INFORM\u00c1TICA SL<\/p>\t\t\t\t\t\t\t\t<\/div>\n\t\t\t\t<div class=\"elementor-element elementor-element-638728e9 elementor-widget-divider--view-line elementor-widget elementor-widget-divider\" data-id=\"638728e9\" data-element_type=\"widget\" data-e-type=\"widget\" data-widget_type=\"divider.default\">\n\t\t\t\t\t\t\t<div class=\"elementor-divider\">\n\t\t\t<span class=\"elementor-divider-separator\">\n\t\t\t\t\t\t<\/span>\n\t\t<\/div>\n\t\t\t\t\t\t<\/div>\n\t\t\t\t<div class=\"elementor-element elementor-element-36714e92 elementor-widget elementor-widget-heading\" data-id=\"36714e92\" data-element_type=\"widget\" data-e-type=\"widget\" data-widget_type=\"heading.default\">\n\t\t\t\t\t<h2 class=\"elementor-heading-title elementor-size-default\">3. Contingut i \u00fas<\/h2>\t\t\t\t<\/div>\n\t\t\t\t<div class=\"elementor-element elementor-element-5cb47448 elementor-widget elementor-widget-text-editor\" data-id=\"5cb47448\" data-element_type=\"widget\" data-e-type=\"widget\" data-widget_type=\"text-editor.default\">\n\t\t\t\t\t\t\t\t\t<p>La visita a la p\u00e0gina web per part de l&#039;usuari haur\u00e0 de fer-se de forma responsable i de conformitat amb la legalitat vigent, la bona fe, aquest Av\u00eds Legal i respectant els drets de propietat intel\u00b7lectual i industrial d&#039;ENGAGE INFORM\u00c1TICA SL<\/p><p>Queda totalment prohibit l&#039;\u00fas de qualsevol contingut de la p\u00e0gina web amb finalitats il\u00b7l\u00edcites, aix\u00ed com la realitzaci\u00f3 de qualsevol acci\u00f3 que causi o pugui causar danys o alteracions no consentides a la Web o als seus continguts.<\/p><p>ENGAGE INFORM\u00c1TICA SL es reserva el dret d&#039;efectuar sense previ av\u00eds les modificacions que consideri oportunes a la seva Web, podent canviar, suprimir o afegir tant els continguts i serveis que es prestin com la forma en qu\u00e8 apareguin presentats.<\/p>\t\t\t\t\t\t\t\t<\/div>\n\t\t\t\t<div class=\"elementor-element elementor-element-2fedc630 elementor-widget-divider--view-line elementor-widget elementor-widget-divider\" data-id=\"2fedc630\" data-element_type=\"widget\" data-e-type=\"widget\" data-widget_type=\"divider.default\">\n\t\t\t\t\t\t\t<div class=\"elementor-divider\">\n\t\t\t<span class=\"elementor-divider-separator\">\n\t\t\t\t\t\t<\/span>\n\t\t<\/div>\n\t\t\t\t\t\t<\/div>\n\t\t\t\t<div class=\"elementor-element elementor-element-af5da29 elementor-widget elementor-widget-heading\" data-id=\"af5da29\" data-element_type=\"widget\" data-e-type=\"widget\" data-widget_type=\"heading.default\">\n\t\t\t\t\t<h2 class=\"elementor-heading-title elementor-size-default\">4. Responsabilitats i garanties<\/h2>\t\t\t\t<\/div>\n\t\t\t\t<div class=\"elementor-element elementor-element-61e64698 elementor-widget elementor-widget-text-editor\" data-id=\"61e64698\" data-element_type=\"widget\" data-e-type=\"widget\" data-widget_type=\"text-editor.default\">\n\t\t\t\t\t\t\t\t\t<p>ENGAGE INFORM\u00c1TICA SL declara que ha adoptat les mesures necess\u00e0ries que, dins de les seves possibilitats i l&#039;estat de la tecnologia, permeten el funcionament correcte del Web aix\u00ed com l&#039;abs\u00e8ncia de virus i components nocius. Tot i aix\u00f2, ENGAGE INFORM\u00c1TICA SL no es pot fer responsable de:<\/p><ul><li>La continu\u00eftat i la disponibilitat dels continguts.<\/li><li>L&#039;abs\u00e8ncia d&#039;errors en aquests continguts ni la correcci\u00f3 de qualsevol defecte que es pugui produir.<\/li><li>L&#039;abs\u00e8ncia de virus i\/o altres components nocius.<\/li><li>Els danys o perjudicis que causi qualsevol persona que vulneri els sistemes de seguretat.<\/li><li>L&#039;\u00fas que els usuaris puguin fer dels continguts inclosos a la web.<\/li><li>L&#039;\u00fas per menors d&#039;edat del lloc web o de l&#039;enviament de les vostres dades personals sense el perm\u00eds dels vostres tutors.<\/li><li>Els continguts a qu\u00e8 l&#039;usuari pugui accedir a trav\u00e9s d&#039;enlla\u00e7os no autoritzats.<\/li><li>La introducci\u00f3 de dades err\u00f2nies per part de lusuari o dun tercer.<\/li><\/ul><p>ENGAGE INFORM\u00c1TICA SL podr\u00e0 suspendre temporalment i sense av\u00eds previ l&#039;accessibilitat a la Web amb motiu d&#039;operacions de manteniment, reparaci\u00f3, actualitzaci\u00f3 o millora.<\/p><p>Aix\u00ed mateix, de conformitat amb els articles 11 i 16 de la Llei 34\/2002 (LSSICE), ENGAGE INFORM\u00c1TICA SL es compromet a l&#039;eliminaci\u00f3 o bloqueig dels continguts que poguessin afectar o ser contraris a la legislaci\u00f3 vigent, els drets de tercers o la moral i ordre p\u00fablic.<\/p>\t\t\t\t\t\t\t\t<\/div>\n\t\t\t\t<div class=\"elementor-element elementor-element-3101d13 elementor-widget-divider--view-line elementor-widget elementor-widget-divider\" data-id=\"3101d13\" data-element_type=\"widget\" data-e-type=\"widget\" data-widget_type=\"divider.default\">\n\t\t\t\t\t\t\t<div class=\"elementor-divider\">\n\t\t\t<span class=\"elementor-divider-separator\">\n\t\t\t\t\t\t<\/span>\n\t\t<\/div>\n\t\t\t\t\t\t<\/div>\n\t\t\t\t<div class=\"elementor-element elementor-element-44907e90 elementor-widget elementor-widget-heading\" data-id=\"44907e90\" data-element_type=\"widget\" data-e-type=\"widget\" data-widget_type=\"heading.default\">\n\t\t\t\t\t<h2 class=\"elementor-heading-title elementor-size-default\">5. Pol\u00edtica denlla\u00e7os<\/h2>\t\t\t\t<\/div>\n\t\t\t\t<div class=\"elementor-element elementor-element-3b14db02 elementor-widget elementor-widget-text-editor\" data-id=\"3b14db02\" data-element_type=\"widget\" data-e-type=\"widget\" data-widget_type=\"text-editor.default\">\n\t\t\t\t\t\t\t\t\t<p>ENGAGE INFORM\u00c1TICA SL no es fa responsable del contingut dels llocs web als quals l&#039;usuari pugui accedir a trav\u00e9s dels enlla\u00e7os establerts al seu lloc web, i declara que en cap cas no procedir\u00e0 a examinar o exercitar cap tipus de control sobre el contingut d&#039;altres llocs de la xarxa.<\/p><p>Tampoc garantir\u00e0 la disponibilitat t\u00e8cnica, exactitud, veracitat, validesa o legalitat de llocs aliens a la seva propietat a qu\u00e8 es pugui accedir per mitj\u00e0 dels enlla\u00e7os.<\/p>\t\t\t\t\t\t\t\t<\/div>\n\t\t\t\t<div class=\"elementor-element elementor-element-5f929585 elementor-widget-divider--view-line elementor-widget elementor-widget-divider\" data-id=\"5f929585\" data-element_type=\"widget\" data-e-type=\"widget\" data-widget_type=\"divider.default\">\n\t\t\t\t\t\t\t<div class=\"elementor-divider\">\n\t\t\t<span class=\"elementor-divider-separator\">\n\t\t\t\t\t\t<\/span>\n\t\t<\/div>\n\t\t\t\t\t\t<\/div>\n\t\t\t\t<div class=\"elementor-element elementor-element-2a89a17c elementor-widget elementor-widget-heading\" data-id=\"2a89a17c\" data-element_type=\"widget\" data-e-type=\"widget\" data-widget_type=\"heading.default\">\n\t\t\t\t\t<h2 class=\"elementor-heading-title elementor-size-default\">6. Propietat intel\u00b7lectual i industrial<\/h2>\t\t\t\t<\/div>\n\t\t\t\t<div class=\"elementor-element elementor-element-44ee669f elementor-widget elementor-widget-text-editor\" data-id=\"44ee669f\" data-element_type=\"widget\" data-e-type=\"widget\" data-widget_type=\"text-editor.default\">\n\t\t\t\t\t\t\t\t\t<p>ENGAGE INFORM\u00c1TICA SL \u00e9s titular en exclusiva dels drets relatius a la p\u00e0gina web i les xarxes socials. Tots els continguts, el disseny gr\u00e0fic i els codis que formen part de https:\/\/engage.cat s\u00f3n de titularitat exclusiva d&#039;ENGAGE INFORM\u00c1TICA SL<\/p><p>Queda prohibida la seva reproducci\u00f3, distribuci\u00f3, comunicaci\u00f3 p\u00fablica, transformaci\u00f3 o qualsevol altra activitat que es realitzi amb els continguts, ni tan sols encara que se&#039;n citin les fonts, llevat que es compti amb el consentiment previ, expr\u00e9s i per escrit d&#039;ENGAGE INFORM\u00c1TICA SL<\/p><p>Qualsevol \u00fas no autoritzat ser\u00e0 considerat un incompliment greu dels drets de propietat intel\u00b7lectual o industrial i donar\u00e0 lloc a les responsabilitats establertes legalment.<\/p>\t\t\t\t\t\t\t\t<\/div>\n\t\t\t\t<div class=\"elementor-element elementor-element-5a1bc556 elementor-widget-divider--view-line elementor-widget elementor-widget-divider\" data-id=\"5a1bc556\" data-element_type=\"widget\" data-e-type=\"widget\" data-widget_type=\"divider.default\">\n\t\t\t\t\t\t\t<div class=\"elementor-divider\">\n\t\t\t<span class=\"elementor-divider-separator\">\n\t\t\t\t\t\t<\/span>\n\t\t<\/div>\n\t\t\t\t\t\t<\/div>\n\t\t\t\t<div class=\"elementor-element elementor-element-4558e3de elementor-widget elementor-widget-heading\" data-id=\"4558e3de\" data-element_type=\"widget\" data-e-type=\"widget\" data-widget_type=\"heading.default\">\n\t\t\t\t\t<h2 class=\"elementor-heading-title elementor-size-default\">7. Modificacions del present av\u00eds legal<\/h2>\t\t\t\t<\/div>\n\t\t\t\t<div class=\"elementor-element elementor-element-3146c39e elementor-widget elementor-widget-text-editor\" data-id=\"3146c39e\" data-element_type=\"widget\" data-e-type=\"widget\" data-widget_type=\"text-editor.default\">\n\t\t\t\t\t\t\t\t\t<p>ENGAGE INFORM\u00c1TICA SL es reserva el dret a modificar aquest av\u00eds legal per adaptar-lo a qualsevol canvi normatiu, per motius t\u00e8cnics, per canvis en els serveis oferts o per decisions estrat\u00e8giques de la companyia.<\/p><p>Si l&#039;usuari no est\u00e0 conforme amb els canvis, haureu de deixar d&#039;utilitzar el lloc web. La utilitzaci\u00f3 del lloc web despr\u00e9s de la realitzaci\u00f3 dels canvis suposar\u00e0 acceptar-los.<\/p>\t\t\t\t\t\t\t\t<\/div>\n\t\t\t\t<div class=\"elementor-element elementor-element-38283a9b elementor-widget-divider--view-line elementor-widget elementor-widget-divider\" data-id=\"38283a9b\" data-element_type=\"widget\" data-e-type=\"widget\" data-widget_type=\"divider.default\">\n\t\t\t\t\t\t\t<div class=\"elementor-divider\">\n\t\t\t<span class=\"elementor-divider-separator\">\n\t\t\t\t\t\t<\/span>\n\t\t<\/div>\n\t\t\t\t\t\t<\/div>\n\t\t\t\t<div class=\"elementor-element elementor-element-30d39172 elementor-widget elementor-widget-heading\" data-id=\"30d39172\" data-element_type=\"widget\" data-e-type=\"widget\" data-widget_type=\"heading.default\">\n\t\t\t\t\t<h2 class=\"elementor-heading-title elementor-size-default\">8. Nul\u00b7litat<\/h2>\t\t\t\t<\/div>\n\t\t\t\t<div class=\"elementor-element elementor-element-3d27c7c9 elementor-widget elementor-widget-text-editor\" data-id=\"3d27c7c9\" data-element_type=\"widget\" data-e-type=\"widget\" data-widget_type=\"text-editor.default\">\n\t\t\t\t\t\t\t\t\t<p>Si alguna de les disposicions es considera nul\u00b7la, inv\u00e0lida o inaplicable, aquesta disposici\u00f3 queda invalidada sense que aix\u00f2 afecti la validesa i l&#039;aplicabilitat de les disposicions restants.<\/p>\t\t\t\t\t\t\t\t<\/div>\n\t\t\t\t<div class=\"elementor-element elementor-element-3661be5d elementor-widget-divider--view-line elementor-widget elementor-widget-divider\" data-id=\"3661be5d\" data-element_type=\"widget\" data-e-type=\"widget\" data-widget_type=\"divider.default\">\n\t\t\t\t\t\t\t<div class=\"elementor-divider\">\n\t\t\t<span class=\"elementor-divider-separator\">\n\t\t\t\t\t\t<\/span>\n\t\t<\/div>\n\t\t\t\t\t\t<\/div>\n\t\t\t\t<div class=\"elementor-element elementor-element-64121058 elementor-widget elementor-widget-heading\" data-id=\"64121058\" data-element_type=\"widget\" data-e-type=\"widget\" data-widget_type=\"heading.default\">\n\t\t\t\t\t<h2 class=\"elementor-heading-title elementor-size-default\">9. Contacte<\/h2>\t\t\t\t<\/div>\n\t\t\t\t<div class=\"elementor-element elementor-element-64967eed elementor-widget elementor-widget-text-editor\" data-id=\"64967eed\" data-element_type=\"widget\" data-e-type=\"widget\" data-widget_type=\"text-editor.default\">\n\t\t\t\t\t\t\t\t\t<p>Si tens qualsevol dubte sobre aquest av\u00eds legal, pots contactar amb nosaltres:<\/p><p><strong>ENGATGE INFORM\u00c0TICA SL<\/strong><br \/>Email: <a href=\"mailto:info@engageinformatica.com\">info@engageinformatica.com<\/a><br \/>Tel\u00e8fon: <a href=\"tel:619143570\">619 143 570<\/a><br \/><br \/><\/p>\t\t\t\t\t\t\t\t<\/div>\n\t\t\t\t\t<\/div>\n\t\t\t\t<\/div>\n\t\t<div class=\"elementor-element elementor-element-6fbde637 e-flex e-con-boxed e-con e-parent\" data-id=\"6fbde637\" data-element_type=\"container\" data-e-type=\"container\" data-settings=\"{&quot;background_background&quot;:&quot;classic&quot;}\">\n\t\t\t\t\t<div class=\"e-con-inner\">\n\t\t<div class=\"elementor-element elementor-element-387b4c7c e-flex e-con-boxed e-con e-child\" data-id=\"387b4c7c\" data-element_type=\"container\" data-e-type=\"container\">\n\t\t\t\t\t<div class=\"e-con-inner\">\n\t\t\t\t<div class=\"elementor-element elementor-element-77aac861 elementor-widget elementor-widget-text-editor\" data-id=\"77aac861\" data-element_type=\"widget\" data-e-type=\"widget\" data-widget_type=\"text-editor.default\">\n\t\t\t\t\t\t\t\t\t<p style=\"text-align:center; color:#999; font-size:14px;\">\u00a9 2026 ENGAGE INFORM\u00c0TICA SL Tots els drets reservats.<\/p>\t\t\t\t\t\t\t\t<\/div>\n\t\t\t\t\t<\/div>\n\t\t\t\t<\/div>\n\t\t\t\t\t<\/div>\n\t\t\t\t<\/div>\n\t\t\t\t<\/div>","protected":false},"excerpt":{"rendered":"<p>Aviso Legal \u00daltima actualizaci\u00f3n: febrero de 2026 1. Informaci\u00f3n legal de ENGAGE INFORM\u00c1TICA S.L. En cumplimiento con el deber de informaci\u00f3n recogido en el art\u00edculo 10 de la Ley 34\/2002, de 11 de julio, de Servicios de la Sociedad de la Informaci\u00f3n y del Comercio Electr\u00f3nico, le informamos que el contenido de esta p\u00e1gina web [&hellip;]<\/p>","protected":false},"author":1,"featured_media":0,"parent":0,"menu_order":0,"comment_status":"closed","ping_status":"closed","template":"","meta":{"_angie_page":false,"footnotes":""},"class_list":["post-206","page","type-page","status-publish","hentry"],"_links":{"self":[{"href":"https:\/\/engageinformatica.com\/ca\/wp-json\/wp\/v2\/pages\/206","targetHints":{"allow":["GET"]}}],"collection":[{"href":"https:\/\/engageinformatica.com\/ca\/wp-json\/wp\/v2\/pages"}],"about":[{"href":"https:\/\/engageinformatica.com\/ca\/wp-json\/wp\/v2\/types\/page"}],"author":[{"embeddable":true,"href":"https:\/\/engageinformatica.com\/ca\/wp-json\/wp\/v2\/users\/1"}],"replies":[{"embeddable":true,"href":"https:\/\/engageinformatica.com\/ca\/wp-json\/wp\/v2\/comments?post=206"}],"version-history":[{"count":7,"href":"https:\/\/engageinformatica.com\/ca\/wp-json\/wp\/v2\/pages\/206\/revisions"}],"predecessor-version":[{"id":223,"href":"https:\/\/engageinformatica.com\/ca\/wp-json\/wp\/v2\/pages\/206\/revisions\/223"}],"wp:attachment":[{"href":"https:\/\/engageinformatica.com\/ca\/wp-json\/wp\/v2\/media?parent=206"}],"curies":[{"name":"wp","href":"https:\/\/api.w.org\/{rel}","templated":true}]}}